{"id":38,"date":"2023-12-02T09:49:31","date_gmt":"2023-12-02T09:49:31","guid":{"rendered":"https:\/\/procv.se\/svenska\/?page_id=38"},"modified":"2024-08-24T17:14:08","modified_gmt":"2024-08-24T17:14:08","slug":"services","status":"publish","type":"page","link":"https:\/\/procv.se\/svenska\/services\/","title":{"rendered":"Services"},"content":{"rendered":"\t\t<div data-elementor-type=\"wp-page\" data-elementor-id=\"38\" class=\"elementor elementor-38\">\n\t\t\t\t<div class=\"elementor-element elementor-element-d96c863 e-con-full e-flex e-con e-parent\" data-id=\"d96c863\" data-element_type=\"container\" data-e-type=\"container\" data-settings=\"{&quot;background_background&quot;:&quot;classic&quot;}\">\n\t\t\t\t<div class=\"elementor-element elementor-element-7591f5f elementor-widget elementor-widget-heading\" data-id=\"7591f5f\" data-element_type=\"widget\" data-e-type=\"widget\" data-widget_type=\"heading.default\">\n\t\t\t\t<div class=\"elementor-widget-container\">\n\t\t\t\t\t<h2 class=\"elementor-heading-title elementor-size-default\">BES\u00d6K V\u00c5R ENGELSKA WEBBPLATS - KLICKA H\u00c4R\n\n\n\n\n\n<\/h2>\t\t\t\t<\/div>\n\t\t\t\t<\/div>\n\t\t\t\t<div class=\"elementor-element elementor-element-c958d0c elementor-align-center elementor-widget elementor-widget-button\" data-id=\"c958d0c\" data-element_type=\"widget\" data-e-type=\"widget\" data-widget_type=\"button.default\">\n\t\t\t\t<div class=\"elementor-widget-container\">\n\t\t\t\t\t\t\t\t\t<div class=\"elementor-button-wrapper\">\n\t\t\t\t\t<a class=\"elementor-button elementor-button-link elementor-size-lg elementor-animation-grow\" href=\"https:\/\/procv.se\/\">\n\t\t\t\t\t\t<span class=\"elementor-button-content-wrapper\">\n\t\t\t\t\t\t\t\t\t<span class=\"elementor-button-text\">KLICKA H\u00c4R F\u00d6R ATT MEJLA MIG NU<\/span>\n\t\t\t\t\t<\/span>\n\t\t\t\t\t<\/a>\n\t\t\t\t<\/div>\n\t\t\t\t\t\t\t\t<\/div>\n\t\t\t\t<\/div>\n\t\t\t\t<\/div>\n\t\t<div class=\"elementor-element elementor-element-359ac255 e-flex e-con-boxed e-con e-parent\" data-id=\"359ac255\" data-element_type=\"container\" data-e-type=\"container\">\n\t\t\t\t\t<div class=\"e-con-inner\">\n\t\t<div class=\"elementor-element elementor-element-573135fe e-con-full e-flex e-con e-child\" data-id=\"573135fe\" data-element_type=\"container\" data-e-type=\"container\">\n\t\t\t\t<div class=\"elementor-element elementor-element-60051c0b elementor-widget elementor-widget-image\" data-id=\"60051c0b\" data-element_type=\"widget\" data-e-type=\"widget\" data-widget_type=\"image.default\">\n\t\t\t\t<div class=\"elementor-widget-container\">\n\t\t\t\t\t\t\t\t\t\t\t\t\t\t\t<img fetchpriority=\"high\" decoding=\"async\" width=\"344\" height=\"436\" src=\"https:\/\/procv.se\/svenska\/wp-content\/uploads\/2023\/12\/Sweden_Bio.png\" class=\"attachment-medium_large size-medium_large wp-image-169\" alt=\"\" srcset=\"https:\/\/procv.se\/svenska\/wp-content\/uploads\/2023\/12\/Sweden_Bio.png 344w, https:\/\/procv.se\/svenska\/wp-content\/uploads\/2023\/12\/Sweden_Bio-237x300.png 237w\" sizes=\"(max-width: 344px) 100vw, 344px\" \/>\t\t\t\t\t\t\t\t\t\t\t\t\t\t\t<\/div>\n\t\t\t\t<\/div>\n\t\t\t\t<\/div>\n\t\t<div class=\"elementor-element elementor-element-6183411b e-con-full e-flex e-con e-child\" data-id=\"6183411b\" data-element_type=\"container\" data-e-type=\"container\">\n\t\t\t\t<div class=\"elementor-element elementor-element-464207fa elementor-widget elementor-widget-text-editor\" data-id=\"464207fa\" data-element_type=\"widget\" data-e-type=\"widget\" data-widget_type=\"text-editor.default\">\n\t\t\t\t<div class=\"elementor-widget-container\">\n\t\t\t\t\t\t\t\t\t<h2 style=\"text-align: center;\"><span style=\"color: #000080;\">Jag arbetar p\u00e5 ett personligt s\u00e4tt med alla mina klienter&#8230;<\/span><\/h2><p style=\"text-align: center;\">Jag kommer helt och h\u00e5llet omstrukturera och omskriva ditt nuvarande CV, personliga brev och LinkedIn f\u00f6r att s\u00e4kerst\u00e4lla att du har st\u00f6rsta m\u00f6jliga chans till framg\u00e5ng i den roll du siktar p\u00e5. Jag arbetar med klienter fr\u00e5n alla branscher och niv\u00e5er, inklusive C-niv\u00e5-exekutiver, seniorledning, chefer och de inom tekniktj\u00e4nster, finansiella tj\u00e4nster, byggbranschen och startmilj\u00f6er. Jag samarbetar ocks\u00e5 med m\u00e5nga entrepren\u00f6rer, investerare och aff\u00e4rsledare b\u00e5de i Sverige och \u00f6ver hela v\u00e4rlden. N\u00e4r det g\u00e4ller min erfarenhet i Sverige har jag arbetat med kunder i Stockholm, G\u00f6teborg, Malm\u00f6, Uppsala, V\u00e4ster\u00e5s, \u00d6rebro, Link\u00f6ping, Helsingborg och J\u00f6nk\u00f6ping, varav m\u00e5nga \u00e4r expatriater eller de som siktar p\u00e5 internationella roller. Om du beh\u00f6ver ett enast\u00e5ende CV p\u00e5 engelska, g\u00f6r dig sj\u00e4lv en tj\u00e4nst och ladda upp ditt CV nu f\u00f6r en gratis CV-granskning.<\/p>\t\t\t\t\t\t\t\t<\/div>\n\t\t\t\t<\/div>\n\t\t\t\t<\/div>\n\t\t\t\t\t<\/div>\n\t\t\t\t<\/div>\n\t\t<div class=\"elementor-element elementor-element-2ebbf5d e-flex e-con-boxed e-con e-parent\" data-id=\"2ebbf5d\" data-element_type=\"container\" data-e-type=\"container\">\n\t\t\t\t\t<div class=\"e-con-inner\">\n\t\t\t\t<div class=\"elementor-element elementor-element-f5daf15 elementor-widget elementor-widget-text-editor\" data-id=\"f5daf15\" data-element_type=\"widget\" data-e-type=\"widget\" data-widget_type=\"text-editor.default\">\n\t\t\t\t<div class=\"elementor-widget-container\">\n\t\t\t\t\t\t\t\t\t<div class=\"flex-1 overflow-hidden\"><div class=\"react-scroll-to-bottom--css-zltbo-79elbk h-full\"><div class=\"react-scroll-to-bottom--css-zltbo-1n7m0yu\"><div class=\"flex flex-col pb-9 text-sm\"><div class=\"w-full text-token-text-primary\" data-testid=\"conversation-turn-47\"><div class=\"px-4 py-2 justify-center text-base md:gap-6 m-auto\"><div class=\"flex flex-1 text-base mx-auto gap-3 md:px-5 lg:px-1 xl:px-5 md:max-w-3xl lg:max-w-[40rem] xl:max-w-[48rem] group final-completion\"><div class=\"relative flex w-full flex-col lg:w-[calc(100%-115px)] agent-turn\"><div class=\"flex-col gap-1 md:gap-3\"><div class=\"flex flex-grow flex-col max-w-full\"><div class=\"min-h-[20px] text-message flex flex-col items-start gap-3 whitespace-pre-wrap break-words [.text-message+&amp;]:mt-5 overflow-x-auto\" data-message-author-role=\"assistant\" data-message-id=\"c397c427-e8f1-475d-8a42-81df9067106b\"><div class=\"markdown prose w-full break-words dark:prose-invert light\"><h2 style=\"text-align: center;\"><span style=\"color: #000080;\">B\u00d6RJA PROCESSEN NU &#8211; LADDA UPP DITT NUVARANDE CV NEDAN<\/span><\/h2><\/div><\/div><\/div><\/div><\/div><\/div><\/div><\/div><\/div><\/div><\/div><\/div><p style=\"text-align: center;\">\n<div class=\"wpcf7 no-js\" id=\"wpcf7-f7-o1\" lang=\"en-US\" dir=\"ltr\" data-wpcf7-id=\"7\">\n<div class=\"screen-reader-response\"><p role=\"status\" aria-live=\"polite\" aria-atomic=\"true\"><\/p> <ul><\/ul><\/div>\n<form action=\"\/svenska\/wp-json\/wp\/v2\/pages\/38#wpcf7-f7-o1\" method=\"post\" class=\"wpcf7-form init\" aria-label=\"Contact form\" enctype=\"multipart\/form-data\" novalidate=\"novalidate\" data-status=\"init\">\n<fieldset class=\"hidden-fields-container\"><input type=\"hidden\" name=\"_wpcf7\" value=\"7\" \/><input type=\"hidden\" name=\"_wpcf7_version\" value=\"6.1.5\" \/><input type=\"hidden\" name=\"_wpcf7_locale\" value=\"en_US\" \/><input type=\"hidden\" name=\"_wpcf7_unit_tag\" value=\"wpcf7-f7-o1\" \/><input type=\"hidden\" name=\"_wpcf7_container_post\" value=\"0\" \/><input type=\"hidden\" name=\"_wpcf7_posted_data_hash\" value=\"\" \/>\n<\/fieldset>\n<p><label> Your Name (required)<br \/>\n<span class=\"wpcf7-form-control-wrap\" data-name=\"your-name\"><input size=\"40\" maxlength=\"400\" class=\"wpcf7-form-control wpcf7-text wpcf7-validates-as-required\" aria-required=\"true\" aria-invalid=\"false\" value=\"\" type=\"text\" name=\"your-name\" \/><\/span> <\/label>\n<\/p>\n<p><label> Your Email (required)<br \/>\n<span class=\"wpcf7-form-control-wrap\" data-name=\"your-email\"><input size=\"40\" maxlength=\"400\" class=\"wpcf7-form-control wpcf7-email wpcf7-validates-as-required wpcf7-text wpcf7-validates-as-email\" aria-required=\"true\" aria-invalid=\"false\" value=\"\" type=\"email\" name=\"your-email\" \/><\/span> <\/label>\n<\/p>\n<p><label> Subject<br \/>\n<span class=\"wpcf7-form-control-wrap\" data-name=\"your-subject\"><input size=\"40\" maxlength=\"400\" class=\"wpcf7-form-control wpcf7-text wpcf7-validates-as-required\" aria-required=\"true\" aria-invalid=\"false\" value=\"\" type=\"text\" name=\"your-subject\" \/><\/span> <\/label>\n<\/p>\n<p><label> Your Message<br \/>\n<span class=\"wpcf7-form-control-wrap\" data-name=\"your-message\"><input size=\"40\" maxlength=\"400\" class=\"wpcf7-form-control wpcf7-text wpcf7-validates-as-required\" aria-required=\"true\" aria-invalid=\"false\" value=\"\" type=\"text\" name=\"your-message\" \/><\/span> <\/label>\n<\/p>\n<p><label> Please Upload Your Current CV<br \/>\n<span class=\"wpcf7-form-control-wrap\" data-name=\"file-403\"><input size=\"40\" class=\"wpcf7-form-control wpcf7-file wpcf7-validates-as-required\" accept=\".jpg,.jpeg,.png,.gif,.pdf,.doc,.docx,.odt\" aria-required=\"true\" aria-invalid=\"false\" type=\"file\" name=\"file-403\" \/><\/span> <\/label>\n<\/p>\n<p>ANTI &#8211; SPAM: Please Answer the following Question<br \/>\n<span class=\"wpcf7-form-control-wrap\" data-name=\"capital-quiz\"><label><span class=\"wpcf7-quiz-label\">Which is bigger, 2 or 8?<\/span> <input size=\"40\" class=\"wpcf7-form-control wpcf7-quiz\" autocomplete=\"off\" aria-required=\"true\" aria-invalid=\"false\" type=\"text\" name=\"capital-quiz\" \/><\/label><input type=\"hidden\" name=\"_wpcf7_quiz_answer_capital-quiz\" value=\"7076f3a2c0f6d50a211b41f0d86b4050\" \/><\/span>\n<\/p>\n<p><input class=\"wpcf7-form-control wpcf7-submit has-spinner\" type=\"submit\" value=\"Send\" \/>\n<\/p><div class=\"wpcf7-response-output\" aria-hidden=\"true\"><\/div>\n<\/form>\n<\/div>\n<\/p>\t\t\t\t\t\t\t\t<\/div>\n\t\t\t\t<\/div>\n\t\t\t\t\t<\/div>\n\t\t\t\t<\/div>\n\t\t<div class=\"elementor-element elementor-element-79cb00b e-con-full e-flex e-con e-parent\" data-id=\"79cb00b\" data-element_type=\"container\" data-e-type=\"container\" data-settings=\"{&quot;background_background&quot;:&quot;classic&quot;}\">\n\t\t\t\t<div class=\"elementor-element elementor-element-f82391b elementor-widget elementor-widget-heading\" data-id=\"f82391b\" data-element_type=\"widget\" data-e-type=\"widget\" data-widget_type=\"heading.default\">\n\t\t\t\t<div class=\"elementor-widget-container\">\n\t\t\t\t\t<h2 class=\"elementor-heading-title elementor-size-default\">BES\u00d6K V\u00c5R ENGELSKA WEBBPLATS - KLICKA H\u00c4R\n\n\n\n\n\n<\/h2>\t\t\t\t<\/div>\n\t\t\t\t<\/div>\n\t\t\t\t<div class=\"elementor-element elementor-element-539827a elementor-align-center elementor-widget elementor-widget-button\" data-id=\"539827a\" data-element_type=\"widget\" data-e-type=\"widget\" data-widget_type=\"button.default\">\n\t\t\t\t<div class=\"elementor-widget-container\">\n\t\t\t\t\t\t\t\t\t<div class=\"elementor-button-wrapper\">\n\t\t\t\t\t<a class=\"elementor-button elementor-button-link elementor-size-lg elementor-animation-grow\" href=\"https:\/\/procv.se\/\">\n\t\t\t\t\t\t<span class=\"elementor-button-content-wrapper\">\n\t\t\t\t\t\t\t\t\t<span class=\"elementor-button-text\">KLICKA H\u00c4R F\u00d6R ATT MEJLA MIG NU<\/span>\n\t\t\t\t\t<\/span>\n\t\t\t\t\t<\/a>\n\t\t\t\t<\/div>\n\t\t\t\t\t\t\t\t<\/div>\n\t\t\t\t<\/div>\n\t\t\t\t<\/div>\n\t\t<div class=\"elementor-element elementor-element-25613a4 e-flex e-con-boxed e-con e-parent\" data-id=\"25613a4\" data-element_type=\"container\" data-e-type=\"container\">\n\t\t\t\t\t<div class=\"e-con-inner\">\n\t\t\t\t<div class=\"elementor-element elementor-element-74093f2 elementor-widget elementor-widget-text-editor\" data-id=\"74093f2\" data-element_type=\"widget\" data-e-type=\"widget\" data-widget_type=\"text-editor.default\">\n\t\t\t\t<div class=\"elementor-widget-container\">\n\t\t\t\t\t\t\t\t\t<h2 style=\"text-align: center;\"><span style=\"color: #000080;\">Granskningsprocessen, priss\u00e4ttning och f\u00f6rfarande:<\/span><\/h2><p style=\"text-align: center;\">Var trygg med att jag behandlar varje projekt som om jag sj\u00e4lv s\u00f6kte rollerna. Med mycket konkurrenskraftiga priser och expertis inom olika l\u00e4nder beror priss\u00e4ttningen p\u00e5 min utv\u00e4rdering av CV:t under CV-granskningsprocessen och d\u00e4rmed hur mycket arbete som kr\u00e4vs f\u00f6r CV, personligt brev och LinkedIn. Detta kan variera fr\u00e5n n\u00e5gra timmar till en eller tv\u00e5 dagar, beroende p\u00e5 forskningen och rollens senioritet. Eftersom jag varken \u00e4r en &#8220;CV-fabrik&#8221; eller en outsourcingbyr\u00e5 utf\u00f6r jag bokstavligen allt arbete h\u00e4r p\u00e5 kontoret. Som grundare och \u00e4gare skapar jag antingen CV:t sj\u00e4lv eller redigerar, i vissa fall, det slutliga exemplaret. Inget l\u00e4mnas \u00e5t slumpen. F\u00f6r pris och f\u00f6rv\u00e4ntad leveranstid (ETD), ladda helt enkelt upp ditt CV nedan och l\u00e5t oss s\u00e4tta ig\u00e5ng!<\/p>\t\t\t\t\t\t\t\t<\/div>\n\t\t\t\t<\/div>\n\t\t\t\t\t<\/div>\n\t\t\t\t<\/div>\n\t\t<div class=\"elementor-element elementor-element-48876b2 e-flex e-con-boxed e-con e-parent\" data-id=\"48876b2\" data-element_type=\"container\" data-e-type=\"container\">\n\t\t\t\t\t<div class=\"e-con-inner\">\n\t\t\t\t<div class=\"elementor-element elementor-element-ff4ff29 elementor-widget elementor-widget-html\" data-id=\"ff4ff29\" data-element_type=\"widget\" data-e-type=\"widget\" data-widget_type=\"html.default\">\n\t\t\t\t<div class=\"elementor-widget-container\">\n\t\t\t\t\t<b> I provide   Executive CV Writing Services across the EU including:<\/b> <a href=\"https:\/\/thecvdoctor.ie\">   Executive CV Writing Services <\/a>, <a href=\" https:\/\/thecvdoctor.ie\"> CV Writing Services Dublin<\/a>, <a href=\"https:\/\/pro-cv.es\/en\">   Executive CV Writing Services <\/a>, <a href=\"https:\/\/pro-cv.es\"> Servicios de Redacci\u00f3n de CV en Ingl\u00e9s<\/a>, <a href=\" https:\/\/proresume.nl\/en\">  CV Writing Services<\/a>, <a href=\" https:\/\/resumewritingservice.de\">Engelstalige CV-Schrijfdiensten<\/a>, <a href=\" https:\/\/proresume.nl\">  CV Writing Services<\/a>, <a href=\"https:\/\/resumewritingservice.de\/deutsch\"> Englischsprachige Lebenslauf-Schreibdienste<\/a>, <a href=\"https:\/\/procv.se\">   CV Writing Services<\/a>, <a href=\"https:\/\/procv.se\/svenska\"> CV-skrivningstj\u00e4nster p\u00e5 engelska<\/a>, <a href=\"https:\/\/procv.be\"> Engelstalige CV-Schrijfdiensten <\/a>, <a href=\"https:\/\/procv.be\">   Executive CV Writing Services <\/a>, <a href=\"https:\/\/procv.is\">   Executive CV Writing Services <\/a>, <a href=\"https:\/\/procv.is\">Skrif\u00fej\u00f3nusta fyrir ferilskr\u00e1r \u00e1 ensku<\/a>, <a href=\"https:\/\/procv.is\/slensku\">   Executive CV Writing Services <\/a>, <a href=\"https:\/\/procvservices.pl\">  CV Writing Services<\/a>, <a href=\"https:\/\/procvservices.pl\/polski\">Us\u0142ugi pisania CV w j\u0119zyku angielskim<\/a>, <a href=\"https:\/\/proresume.fr\">  CV Writing Services<\/a>, <a href=\"https:\/\/proresume.fr\/francaise\"> Services de r\u00e9daction de CV en anglais<\/a>, <a href=\" https:\/\/procv.it\">  CV Writing Services<\/a>, <a href=\" https:\/\/procv.it\"> Servizi di scrittura di CV in inglese<\/a> \t\t\t\t<\/div>\n\t\t\t\t<\/div>\n\t\t\t\t\t<\/div>\n\t\t\t\t<\/div>\n\t\t\t\t<\/div>\n\t\t","protected":false},"excerpt":{"rendered":"<p>BES\u00d6K V\u00c5R ENGELSKA WEBBPLATS &#8211; KLICKA H\u00c4R KLICKA H\u00c4R F\u00d6R ATT MEJLA MIG NU Jag arbetar p\u00e5 ett personligt s\u00e4tt med alla mina klienter&#8230; Jag kommer helt och h\u00e5llet omstrukturera och omskriva ditt nuvarande CV, personliga brev och LinkedIn f\u00f6r att s\u00e4kerst\u00e4lla att du har st\u00f6rsta m\u00f6jliga chans till framg\u00e5ng i den roll du siktar [&hellip;]<\/p>\n","protected":false},"author":1,"featured_media":0,"parent":0,"menu_order":0,"comment_status":"closed","ping_status":"closed","template":"elementor_header_footer","meta":{"ocean_post_layout":"","ocean_both_sidebars_style":"","ocean_both_sidebars_content_width":0,"ocean_both_sidebars_sidebars_width":0,"ocean_sidebar":"","ocean_second_sidebar":"","ocean_disable_margins":"enable","ocean_add_body_class":"","ocean_shortcode_before_top_bar":"","ocean_shortcode_after_top_bar":"","ocean_shortcode_before_header":"","ocean_shortcode_after_header":"","ocean_has_shortcode":"","ocean_shortcode_after_title":"","ocean_shortcode_before_footer_widgets":"","ocean_shortcode_after_footer_widgets":"","ocean_shortcode_before_footer_bottom":"","ocean_shortcode_after_footer_bottom":"","ocean_display_top_bar":"default","ocean_display_header":"default","ocean_header_style":"","ocean_center_header_left_menu":"","ocean_custom_header_template":"","ocean_custom_logo":0,"ocean_custom_retina_logo":0,"ocean_custom_logo_max_width":0,"ocean_custom_logo_tablet_max_width":0,"ocean_custom_logo_mobile_max_width":0,"ocean_custom_logo_max_height":0,"ocean_custom_logo_tablet_max_height":0,"ocean_custom_logo_mobile_max_height":0,"ocean_header_custom_menu":"","ocean_menu_typo_font_family":"","ocean_menu_typo_font_subset":"","ocean_menu_typo_font_size":0,"ocean_menu_typo_font_size_tablet":0,"ocean_menu_typo_font_size_mobile":0,"ocean_menu_typo_font_size_unit":"px","ocean_menu_typo_font_weight":"","ocean_menu_typo_font_weight_tablet":"","ocean_menu_typo_font_weight_mobile":"","ocean_menu_typo_transform":"","ocean_menu_typo_transform_tablet":"","ocean_menu_typo_transform_mobile":"","ocean_menu_typo_line_height":0,"ocean_menu_typo_line_height_tablet":0,"ocean_menu_typo_line_height_mobile":0,"ocean_menu_typo_line_height_unit":"","ocean_menu_typo_spacing":0,"ocean_menu_typo_spacing_tablet":0,"ocean_menu_typo_spacing_mobile":0,"ocean_menu_typo_spacing_unit":"","ocean_menu_link_color":"","ocean_menu_link_color_hover":"","ocean_menu_link_color_active":"","ocean_menu_link_background":"","ocean_menu_link_hover_background":"","ocean_menu_link_active_background":"","ocean_menu_social_links_bg":"","ocean_menu_social_hover_links_bg":"","ocean_menu_social_links_color":"","ocean_menu_social_hover_links_color":"","ocean_disable_title":"on","ocean_disable_heading":"default","ocean_post_title":"","ocean_post_subheading":"","ocean_post_title_style":"","ocean_post_title_background_color":"","ocean_post_title_background":0,"ocean_post_title_bg_image_position":"","ocean_post_title_bg_image_attachment":"","ocean_post_title_bg_image_repeat":"","ocean_post_title_bg_image_size":"","ocean_post_title_height":0,"ocean_post_title_bg_overlay":0.5,"ocean_post_title_bg_overlay_color":"","ocean_disable_breadcrumbs":"default","ocean_breadcrumbs_color":"","ocean_breadcrumbs_separator_color":"","ocean_breadcrumbs_links_color":"","ocean_breadcrumbs_links_hover_color":"","ocean_display_footer_widgets":"default","ocean_display_footer_bottom":"default","ocean_custom_footer_template":"","footnotes":""},"class_list":["post-38","page","type-page","status-publish","hentry","entry"],"aioseo_notices":[],"_links":{"self":[{"href":"https:\/\/procv.se\/svenska\/wp-json\/wp\/v2\/pages\/38","targetHints":{"allow":["GET"]}}],"collection":[{"href":"https:\/\/procv.se\/svenska\/wp-json\/wp\/v2\/pages"}],"about":[{"href":"https:\/\/procv.se\/svenska\/wp-json\/wp\/v2\/types\/page"}],"author":[{"embeddable":true,"href":"https:\/\/procv.se\/svenska\/wp-json\/wp\/v2\/users\/1"}],"replies":[{"embeddable":true,"href":"https:\/\/procv.se\/svenska\/wp-json\/wp\/v2\/comments?post=38"}],"version-history":[{"count":41,"href":"https:\/\/procv.se\/svenska\/wp-json\/wp\/v2\/pages\/38\/revisions"}],"predecessor-version":[{"id":603,"href":"https:\/\/procv.se\/svenska\/wp-json\/wp\/v2\/pages\/38\/revisions\/603"}],"wp:attachment":[{"href":"https:\/\/procv.se\/svenska\/wp-json\/wp\/v2\/media?parent=38"}],"curies":[{"name":"wp","href":"https:\/\/api.w.org\/{rel}","templated":true}]}}